{"id":107,"date":"2020-05-13T19:49:42","date_gmt":"2020-05-13T19:49:42","guid":{"rendered":"http:\/\/foodwin.eu\/?page_id=107"},"modified":"2023-08-02T13:14:42","modified_gmt":"2023-08-02T10:14:42","slug":"kontakt-2","status":"publish","type":"page","link":"https:\/\/foodwin.eu\/?page_id=107&lang=et","title":{"rendered":"KONTAKT"},"content":{"rendered":"\n<div class=\"wp-block-columns is-layout-flex wp-container-core-columns-is-layout-9d6595d7 wp-block-columns-is-layout-flex\">\n<div class=\"wp-block-column is-layout-flow wp-block-column-is-layout-flow\">\n<p><strong>Foodwin O\u00dc<\/strong><br \/>R\u00e4nduri 12<br \/>10920 Tallinn, Harjumaa<\/p>\n\n\n\n<p><strong>SEB:<\/strong> EE171010220123927018<br><strong>BIC:<\/strong> EEUHEE2X<br><strong>KMK nr:<\/strong> EE101736202<br><strong>Registrikood<\/strong> 12035529<\/p>\n<\/div>\n\n\n\n<div class=\"wp-block-column is-layout-flow wp-block-column-is-layout-flow\">\n<p><strong>Priit Saviste<\/strong><br>Juhatuse liige<br>+3725036643<br>priit@foodwin.eu<br>info@foodwin.eu<\/p>\n\n\n\n<p><strong>Henrik Virkus<\/strong><br>Ostujuht<br>+37256276601<br>henrik@foodwin.eu<br>info@foodwin.eu<\/p>\n\n\n\n<p><strong>Riina Kaljund<\/strong><br>Raamatupidaja<br>+37253443213<br>riina@foodwin.eu<\/p>\n<\/div>\n<\/div>\n\n\n<div class=\"wp-block-image\">\n<figure class=\"alignleft size-large\"><img loading=\"lazy\" decoding=\"async\" width=\"1000\" height=\"667\" src=\"https:\/\/foodwin.eu\/wp-content\/uploads\/2020\/08\/foodwin-2-1000x667.jpg\" alt=\"\" class=\"wp-image-844\" srcset=\"https:\/\/foodwin.eu\/wp-content\/uploads\/2020\/08\/foodwin-2-1000x667.jpg 1000w, https:\/\/foodwin.eu\/wp-content\/uploads\/2020\/08\/foodwin-2-300x200.jpg 300w, https:\/\/foodwin.eu\/wp-content\/uploads\/2020\/08\/foodwin-2-768x512.jpg 768w, https:\/\/foodwin.eu\/wp-content\/uploads\/2020\/08\/foodwin-2-1536x1024.jpg 1536w, https:\/\/foodwin.eu\/wp-content\/uploads\/2020\/08\/foodwin-2-2048x1365.jpg 2048w, https:\/\/foodwin.eu\/wp-content\/uploads\/2020\/08\/foodwin-2-87x58.jpg 87w\" sizes=\"auto, (max-width: 1000px) 100vw, 1000px\" \/><\/figure>\n<\/div>","protected":false},"excerpt":{"rendered":"<p>Foodwin O\u00dcR\u00e4nduri 1210920 Tallinn, Harjumaa SEB: EE171010220123927018BIC: EEUHEE2XKMK nr: EE101736202Registrikood 12035529 Priit SavisteJuhatuse liige+3725036643priit@foodwin.euinfo@foodwin.eu Henrik VirkusOstujuht+37256276601henrik@foodwin.euinfo@foodwin.eu Riina KaljundRaamatupidaja+37253443213riina@foodwin.eu<\/p>\n","protected":false},"author":1,"featured_media":0,"parent":0,"menu_order":0,"comment_status":"closed","ping_status":"closed","template":"","meta":{"footnotes":""},"class_list":["post-107","page","type-page","status-publish","hentry"],"yoast_head":"<!-- This site is optimized with the Yoast SEO plugin v14.5 - https:\/\/yoast.com\/wordpress\/plugins\/seo\/ -->\n<title>KONTAKT | Toidukaupade hulgim\u00fc\u00fck I Foodwin O\u00dc<\/title>\n<meta name=\"description\" content=\"Foodwin O\u00dc tegeleb toidukaupade hulgim\u00fc\u00fcgiga. P\u00f5hiliselt teenindame Helsingi piirkonna Horeca sektorit.\" \/>\n<meta name=\"robots\" content=\"index, follow\" \/>\n<meta name=\"googlebot\" content=\"index, follow, max-snippet:-1, max-image-preview:large, max-video-preview:-1\" \/>\n<meta name=\"bingbot\" content=\"index, follow, max-snippet:-1, max-image-preview:large, max-video-preview:-1\" \/>\n<link rel=\"canonical\" href=\"https:\/\/foodwin.eu\/?page_id=107&#038;lang=et\" \/>\n<meta property=\"og:locale\" content=\"en_GB\" \/>\n<meta property=\"og:type\" content=\"article\" \/>\n<meta property=\"og:title\" content=\"KONTAKT | Toidukaupade hulgim\u00fc\u00fck I Foodwin O\u00dc\" \/>\n<meta property=\"og:description\" content=\"Foodwin O\u00dc tegeleb toidukaupade hulgim\u00fc\u00fcgiga. P\u00f5hiliselt teenindame Helsingi piirkonna Horeca sektorit.\" \/>\n<meta property=\"og:url\" content=\"https:\/\/foodwin.eu\/?page_id=107&amp;lang=et\" \/>\n<meta property=\"og:site_name\" content=\"Ravintolatarvikkeet ja kuljetus\" \/>\n<meta property=\"article:modified_time\" content=\"2023-08-02T10:14:42+00:00\" \/>\n<meta property=\"og:image\" content=\"https:\/\/foodwin.eu\/wp-content\/uploads\/2020\/08\/foodwin-2-1000x667.jpg\" \/>\n<meta name=\"twitter:card\" content=\"summary_large_image\" \/>\n<script type=\"application\/ld+json\" class=\"yoast-schema-graph\">{\"@context\":\"https:\/\/schema.org\",\"@graph\":[{\"@type\":\"WebSite\",\"@id\":\"https:\/\/foodwin.eu\/#website\",\"url\":\"https:\/\/foodwin.eu\/\",\"name\":\"Ravintolatarvikkeet ja kuljetus\",\"description\":\"\",\"potentialAction\":[{\"@type\":\"SearchAction\",\"target\":\"https:\/\/foodwin.eu\/?s={search_term_string}\",\"query-input\":\"required name=search_term_string\"}],\"inLanguage\":\"en-GB\"},{\"@type\":\"ImageObject\",\"@id\":\"https:\/\/foodwin.eu\/?page_id=107&lang=et#primaryimage\",\"inLanguage\":\"en-GB\",\"url\":\"https:\/\/foodwin.eu\/wp-content\/uploads\/2020\/08\/foodwin-2-1000x667.jpg\"},{\"@type\":\"WebPage\",\"@id\":\"https:\/\/foodwin.eu\/?page_id=107&lang=et#webpage\",\"url\":\"https:\/\/foodwin.eu\/?page_id=107&lang=et\",\"name\":\"KONTAKT | Toidukaupade hulgim\\u00fc\\u00fck I Foodwin O\\u00dc\",\"isPartOf\":{\"@id\":\"https:\/\/foodwin.eu\/#website\"},\"primaryImageOfPage\":{\"@id\":\"https:\/\/foodwin.eu\/?page_id=107&lang=et#primaryimage\"},\"datePublished\":\"2020-05-13T19:49:42+00:00\",\"dateModified\":\"2023-08-02T10:14:42+00:00\",\"description\":\"Foodwin O\\u00dc tegeleb toidukaupade hulgim\\u00fc\\u00fcgiga. P\\u00f5hiliselt teenindame Helsingi piirkonna Horeca sektorit.\",\"inLanguage\":\"en-GB\",\"potentialAction\":[{\"@type\":\"ReadAction\",\"target\":[\"https:\/\/foodwin.eu\/?page_id=107&lang=et\"]}]}]}<\/script>\n<!-- \/ Yoast SEO plugin. -->","_links":{"self":[{"href":"https:\/\/foodwin.eu\/index.php?rest_route=\/wp\/v2\/pages\/107","targetHints":{"allow":["GET"]}}],"collection":[{"href":"https:\/\/foodwin.eu\/index.php?rest_route=\/wp\/v2\/pages"}],"about":[{"href":"https:\/\/foodwin.eu\/index.php?rest_route=\/wp\/v2\/types\/page"}],"author":[{"embeddable":true,"href":"https:\/\/foodwin.eu\/index.php?rest_route=\/wp\/v2\/users\/1"}],"replies":[{"embeddable":true,"href":"https:\/\/foodwin.eu\/index.php?rest_route=%2Fwp%2Fv2%2Fcomments&post=107"}],"version-history":[{"count":15,"href":"https:\/\/foodwin.eu\/index.php?rest_route=\/wp\/v2\/pages\/107\/revisions"}],"predecessor-version":[{"id":856,"href":"https:\/\/foodwin.eu\/index.php?rest_route=\/wp\/v2\/pages\/107\/revisions\/856"}],"wp:attachment":[{"href":"https:\/\/foodwin.eu\/index.php?rest_route=%2Fwp%2Fv2%2Fmedia&parent=107"}],"curies":[{"name":"wp","href":"https:\/\/api.w.org\/{rel}","templated":true}]}}