{"id":127,"date":"2020-05-13T20:15:39","date_gmt":"2020-05-13T20:15:39","guid":{"rendered":"http:\/\/foodwin.eu\/?page_id=127"},"modified":"2020-06-15T11:37:27","modified_gmt":"2020-06-15T11:37:27","slug":"meist","status":"publish","type":"page","link":"https:\/\/foodwin.eu\/?page_id=127&lang=et","title":{"rendered":"MEIST"},"content":{"rendered":"<p>Foodwin O\u00dc tegeleb toidukaupade hulgim\u00fc\u00fcgiga. P\u00f5hiliselt teenindame Helsingi piirkonna Horeca sektorit.<\/p>\n<p>Lisaks pakume jahelogistika teenuseid Tallinn-Helsingi-Tallinn suunal ja Eestis.<\/p>\n<p><strong>Meie ettev\u00f5tte tunnusteks on:<\/strong><\/p>\n<ul>\n<li>Personaalne l\u00e4henemine l\u00e4htudes kliendi vajadusest<\/li>\n<li>K\u00f5rge teeninduskvaliteet ja paindlikkus<\/li>\n<li>Konkurentiv\u00f5imelised hinnad<\/li>\n<\/ul>\n","protected":false},"excerpt":{"rendered":"<p>Foodwin O\u00dc tegeleb toidukaupade hulgim\u00fc\u00fcgiga. P\u00f5hiliselt teenindame Helsingi piirkonna Horeca sektorit. Lisaks pakume jahelogistika teenuseid Tallinn-Helsingi-Tallinn suunal ja Eestis. Meie ettev\u00f5tte tunnusteks on: Personaalne l\u00e4henemine l\u00e4htudes kliendi vajadusest K\u00f5rge teeninduskvaliteet ja paindlikkus Konkurentiv\u00f5imelised hinnad<\/p>\n","protected":false},"author":1,"featured_media":0,"parent":0,"menu_order":0,"comment_status":"closed","ping_status":"closed","template":"","meta":{"footnotes":""},"class_list":["post-127","page","type-page","status-publish","hentry"],"yoast_head":"<!-- This site is optimized with the Yoast SEO plugin v14.5 - https:\/\/yoast.com\/wordpress\/plugins\/seo\/ -->\n<title>MEIST | Toidukaupade hulgim\u00fc\u00fck I Foodwin O\u00dc<\/title>\n<meta name=\"description\" content=\"Foodwin O\u00dc tegeleb toidukaupade hulgim\u00fc\u00fcgiga. P\u00f5hiliselt teenindame Helsingi piirkonna Horeca sektorit.\" \/>\n<meta name=\"robots\" content=\"index, follow\" \/>\n<meta name=\"googlebot\" content=\"index, follow, max-snippet:-1, max-image-preview:large, max-video-preview:-1\" \/>\n<meta name=\"bingbot\" content=\"index, follow, max-snippet:-1, max-image-preview:large, max-video-preview:-1\" \/>\n<link rel=\"canonical\" href=\"https:\/\/foodwin.eu\/?page_id=127&#038;lang=et\" \/>\n<meta property=\"og:locale\" content=\"en_GB\" \/>\n<meta property=\"og:type\" content=\"article\" \/>\n<meta property=\"og:title\" content=\"MEIST | Toidukaupade hulgim\u00fc\u00fck I Foodwin O\u00dc\" \/>\n<meta property=\"og:description\" content=\"Foodwin O\u00dc tegeleb toidukaupade hulgim\u00fc\u00fcgiga. P\u00f5hiliselt teenindame Helsingi piirkonna Horeca sektorit.\" \/>\n<meta property=\"og:url\" content=\"https:\/\/foodwin.eu\/?page_id=127&amp;lang=et\" \/>\n<meta property=\"og:site_name\" content=\"Ravintolatarvikkeet ja kuljetus\" \/>\n<meta property=\"article:modified_time\" content=\"2020-06-15T11:37:27+00:00\" \/>\n<meta name=\"twitter:card\" content=\"summary_large_image\" \/>\n<script type=\"application\/ld+json\" class=\"yoast-schema-graph\">{\"@context\":\"https:\/\/schema.org\",\"@graph\":[{\"@type\":\"WebSite\",\"@id\":\"https:\/\/foodwin.eu\/#website\",\"url\":\"https:\/\/foodwin.eu\/\",\"name\":\"Ravintolatarvikkeet ja kuljetus\",\"description\":\"\",\"potentialAction\":[{\"@type\":\"SearchAction\",\"target\":\"https:\/\/foodwin.eu\/?s={search_term_string}\",\"query-input\":\"required name=search_term_string\"}],\"inLanguage\":\"en-GB\"},{\"@type\":\"WebPage\",\"@id\":\"https:\/\/foodwin.eu\/?page_id=127&lang=et#webpage\",\"url\":\"https:\/\/foodwin.eu\/?page_id=127&lang=et\",\"name\":\"MEIST | Toidukaupade hulgim\\u00fc\\u00fck I Foodwin O\\u00dc\",\"isPartOf\":{\"@id\":\"https:\/\/foodwin.eu\/#website\"},\"datePublished\":\"2020-05-13T20:15:39+00:00\",\"dateModified\":\"2020-06-15T11:37:27+00:00\",\"description\":\"Foodwin O\\u00dc tegeleb toidukaupade hulgim\\u00fc\\u00fcgiga. P\\u00f5hiliselt teenindame Helsingi piirkonna Horeca sektorit.\",\"inLanguage\":\"en-GB\",\"potentialAction\":[{\"@type\":\"ReadAction\",\"target\":[\"https:\/\/foodwin.eu\/?page_id=127&lang=et\"]}]}]}<\/script>\n<!-- \/ Yoast SEO plugin. -->","_links":{"self":[{"href":"https:\/\/foodwin.eu\/index.php?rest_route=\/wp\/v2\/pages\/127","targetHints":{"allow":["GET"]}}],"collection":[{"href":"https:\/\/foodwin.eu\/index.php?rest_route=\/wp\/v2\/pages"}],"about":[{"href":"https:\/\/foodwin.eu\/index.php?rest_route=\/wp\/v2\/types\/page"}],"author":[{"embeddable":true,"href":"https:\/\/foodwin.eu\/index.php?rest_route=\/wp\/v2\/users\/1"}],"replies":[{"embeddable":true,"href":"https:\/\/foodwin.eu\/index.php?rest_route=%2Fwp%2Fv2%2Fcomments&post=127"}],"version-history":[{"count":5,"href":"https:\/\/foodwin.eu\/index.php?rest_route=\/wp\/v2\/pages\/127\/revisions"}],"predecessor-version":[{"id":607,"href":"https:\/\/foodwin.eu\/index.php?rest_route=\/wp\/v2\/pages\/127\/revisions\/607"}],"wp:attachment":[{"href":"https:\/\/foodwin.eu\/index.php?rest_route=%2Fwp%2Fv2%2Fmedia&parent=127"}],"curies":[{"name":"wp","href":"https:\/\/api.w.org\/{rel}","templated":true}]}}