{"id":13,"date":"2020-05-13T13:31:38","date_gmt":"2020-05-13T13:31:38","guid":{"rendered":"http:\/\/foodwin.eu\/?page_id=13"},"modified":"2020-06-15T11:44:18","modified_gmt":"2020-06-15T11:44:18","slug":"tuotteed","status":"publish","type":"page","link":"https:\/\/foodwin.eu\/?page_id=13","title":{"rendered":"TUOTTEET"},"content":{"rendered":"\n<div class=\"wp-block-media-text alignwide has-media-on-the-right is-stacked-on-mobile is-vertically-aligned-center\" style=\"grid-template-columns:auto 46%\"><figure class=\"wp-block-media-text__media\"><a href=\"https:\/\/www.foodwin.eu\/wp-content\/uploads\/2020\/06\/Vegetables-fruits-mushrooms-and-herbs..png\"><img loading=\"lazy\" decoding=\"async\" width=\"1000\" height=\"839\" src=\"https:\/\/www.foodwin.eu\/wp-content\/uploads\/2020\/06\/Vegetables-fruits-mushrooms-and-herbs..png\" alt=\"\" class=\"wp-image-687\" srcset=\"https:\/\/foodwin.eu\/wp-content\/uploads\/2020\/06\/Vegetables-fruits-mushrooms-and-herbs..png 1000w, https:\/\/foodwin.eu\/wp-content\/uploads\/2020\/06\/Vegetables-fruits-mushrooms-and-herbs.-300x252.png 300w, https:\/\/foodwin.eu\/wp-content\/uploads\/2020\/06\/Vegetables-fruits-mushrooms-and-herbs.-768x644.png 768w, https:\/\/foodwin.eu\/wp-content\/uploads\/2020\/06\/Vegetables-fruits-mushrooms-and-herbs.-80x67.png 80w\" sizes=\"auto, (max-width: 1000px) 100vw, 1000px\" \/><\/a><\/figure><div class=\"wp-block-media-text__content\">\n<h4><a href=\"https:\/\/www.foodwin.eu\/wp-content\/uploads\/2020\/06\/Vihannekset-hedelma\u0308t-yrtit-salaatit-ja-sienet.pdf\"><strong><span style=\"color: #000000;\">VIHANNEKSET, HEDELM\u00c4T, YRTIT, SALAATIT JA SIENET<br><\/span><\/strong><strong><span style=\"color: #0000ff;\">selaa t\u00e4st\u00e4<\/span><\/strong><\/a><\/h4>\n\n\n\n<p><\/p>\n<\/div><\/div>\n\n\n\n<div style=\"height:36px\" aria-hidden=\"true\" class=\"wp-block-spacer\"><\/div>\n\n\n\n<div class=\"wp-block-media-text alignwide has-media-on-the-right is-stacked-on-mobile is-vertically-aligned-center\" style=\"grid-template-columns:auto 46%\"><figure class=\"wp-block-media-text__media\"><a href=\"https:\/\/www.foodwin.eu\/wp-content\/uploads\/2020\/06\/Kuoritut-juurekset-ja-sipulit.-Pilkotut-ja-raastettu-juurekset.png\"><img loading=\"lazy\" decoding=\"async\" width=\"1000\" height=\"839\" src=\"https:\/\/www.foodwin.eu\/wp-content\/uploads\/2020\/06\/Kuoritut-juurekset-ja-sipulit.-Pilkotut-ja-raastettu-juurekset.png\" alt=\"\" class=\"wp-image-620\" srcset=\"https:\/\/foodwin.eu\/wp-content\/uploads\/2020\/06\/Kuoritut-juurekset-ja-sipulit.-Pilkotut-ja-raastettu-juurekset.png 1000w, https:\/\/foodwin.eu\/wp-content\/uploads\/2020\/06\/Kuoritut-juurekset-ja-sipulit.-Pilkotut-ja-raastettu-juurekset-300x252.png 300w, https:\/\/foodwin.eu\/wp-content\/uploads\/2020\/06\/Kuoritut-juurekset-ja-sipulit.-Pilkotut-ja-raastettu-juurekset-768x644.png 768w, https:\/\/foodwin.eu\/wp-content\/uploads\/2020\/06\/Kuoritut-juurekset-ja-sipulit.-Pilkotut-ja-raastettu-juurekset-80x67.png 80w\" sizes=\"auto, (max-width: 1000px) 100vw, 1000px\" \/><\/a><\/figure><div class=\"wp-block-media-text__content\">\n<h4><a href=\"https:\/\/www.foodwin.eu\/wp-content\/uploads\/2020\/06\/Kuoritut-juurekset-ja-sipulit.-Pilkotut-ja-raastettu-juurekset.pdf\"><strong><span style=\"color: #000000;\">KUORITUT JUUREKSET JA SIPULIT. <\/span><\/strong><strong><span style=\"color: #000000;\">PILKOTUT JA RAASTETTU JUUREKSET<\/span><\/strong><\/a><br><a href=\"https:\/\/www.foodwin.eu\/wp-content\/uploads\/2020\/06\/Kuoritut-juurekset-ja-sipulit.-Pilkotut-ja-raastettu-juurekset.pdf\"><span style=\"color: #0000ff;\"><strong>selaa t\u00e4st\u00e4<\/strong><\/span><\/a><\/h4>\n<h4>&nbsp;<\/h4>\n<\/div><\/div>\n\n\n\n<div style=\"height:36px\" aria-hidden=\"true\" class=\"wp-block-spacer\"><\/div>\n\n\n\n<div class=\"wp-block-media-text alignwide has-media-on-the-right is-stacked-on-mobile is-vertically-aligned-center\" style=\"grid-template-columns:auto 45%\"><figure class=\"wp-block-media-text__media\"><a href=\"https:\/\/www.foodwin.eu\/wp-content\/uploads\/2020\/06\/Kuivatavarat-pasta-sa\u0308ilykkeet-pa\u0308hkina\u0308t-siemenet-ja-o\u0308ljyt.png\"><img loading=\"lazy\" decoding=\"async\" width=\"1000\" height=\"836\" src=\"https:\/\/www.foodwin.eu\/wp-content\/uploads\/2020\/06\/Kuivatavarat-pasta-sa\u0308ilykkeet-pa\u0308hkina\u0308t-siemenet-ja-o\u0308ljyt.png\" alt=\"\" class=\"wp-image-618\" srcset=\"https:\/\/foodwin.eu\/wp-content\/uploads\/2020\/06\/Kuivatavarat-pasta-sa\u0308ilykkeet-pa\u0308hkina\u0308t-siemenet-ja-o\u0308ljyt.png 1000w, https:\/\/foodwin.eu\/wp-content\/uploads\/2020\/06\/Kuivatavarat-pasta-sa\u0308ilykkeet-pa\u0308hkina\u0308t-siemenet-ja-o\u0308ljyt-300x251.png 300w, https:\/\/foodwin.eu\/wp-content\/uploads\/2020\/06\/Kuivatavarat-pasta-sa\u0308ilykkeet-pa\u0308hkina\u0308t-siemenet-ja-o\u0308ljyt-768x642.png 768w, https:\/\/foodwin.eu\/wp-content\/uploads\/2020\/06\/Kuivatavarat-pasta-sa\u0308ilykkeet-pa\u0308hkina\u0308t-siemenet-ja-o\u0308ljyt-80x67.png 80w\" sizes=\"auto, (max-width: 1000px) 100vw, 1000px\" \/><\/a><\/figure><div class=\"wp-block-media-text__content\">\n<h4><a href=\"https:\/\/www.foodwin.eu\/wp-content\/uploads\/2020\/06\/Kuivatavarat-pasta-sa\u0308ilykkeet-pa\u0308hkina\u0308t-siemenet-ja-o\u0308ljyt.pdf\"><span style=\"color: #000000;\"><strong>KUIVATAVARAT,&nbsp; PASTA, S\u00c4ILYKKEET, P\u00c4HKIN\u00c4T, SIEMENET JA \u00d6LJYT<\/strong><\/span><strong><br><\/strong><span style=\"color: #0000ff;\"><strong>selaa t\u00e4st\u00e4<\/strong><\/span><\/a><\/h4>\n<h4>&nbsp;<\/h4>\n<\/div><\/div>\n\n\n\n<div style=\"height:36px\" aria-hidden=\"true\" class=\"wp-block-spacer\"><\/div>\n\n\n\n<div class=\"wp-block-media-text alignwide has-media-on-the-right is-stacked-on-mobile is-vertically-aligned-center\" style=\"grid-template-columns:auto 45%\"><figure class=\"wp-block-media-text__media\"><a href=\"https:\/\/www.foodwin.eu\/wp-content\/uploads\/2020\/06\/Ravintolatarvikkeet.png\"><img loading=\"lazy\" decoding=\"async\" width=\"1000\" height=\"836\" src=\"https:\/\/www.foodwin.eu\/wp-content\/uploads\/2020\/06\/Ravintolatarvikkeet.png\" alt=\"\" class=\"wp-image-619\" srcset=\"https:\/\/foodwin.eu\/wp-content\/uploads\/2020\/06\/Ravintolatarvikkeet.png 1000w, https:\/\/foodwin.eu\/wp-content\/uploads\/2020\/06\/Ravintolatarvikkeet-300x251.png 300w, https:\/\/foodwin.eu\/wp-content\/uploads\/2020\/06\/Ravintolatarvikkeet-768x642.png 768w, https:\/\/foodwin.eu\/wp-content\/uploads\/2020\/06\/Ravintolatarvikkeet-80x67.png 80w\" sizes=\"auto, (max-width: 1000px) 100vw, 1000px\" \/><\/a><\/figure><div class=\"wp-block-media-text__content\">\n<h4><a href=\"https:\/\/www.foodwin.eu\/wp-content\/uploads\/2020\/06\/Ravintolatarvikkeet.pdf\"><strong><span style=\"color: #000000;\">RAVINTOLATARVIKKEET<br><span style=\"color: #0000ff;\">selaa t\u00e4st\u00e4<\/span><code><\/code><\/span><\/strong><\/a><\/h4>\n\n\n\n<p><\/p>\n<\/div><\/div>\n\n\n\n<p><\/p>\n","protected":false},"excerpt":{"rendered":"<p>VIHANNEKSET, HEDELM\u00c4T, YRTIT, SALAATIT JA SIENETselaa t\u00e4st\u00e4 KUORITUT JUUREKSET JA SIPULIT. PILKOTUT JA RAASTETTU JUUREKSETselaa t\u00e4st\u00e4 &nbsp; KUIVATAVARAT,&nbsp; PASTA, S\u00c4ILYKKEET, P\u00c4HKIN\u00c4T, SIEMENET JA \u00d6LJYTselaa t\u00e4st\u00e4 &nbsp; RAVINTOLATARVIKKEETselaa t\u00e4st\u00e4<\/p>\n","protected":false},"author":1,"featured_media":0,"parent":0,"menu_order":0,"comment_status":"closed","ping_status":"closed","template":"","meta":{"footnotes":""},"class_list":["post-13","page","type-page","status-publish","hentry"],"yoast_head":"<!-- This site is optimized with the Yoast SEO plugin v14.5 - https:\/\/yoast.com\/wordpress\/plugins\/seo\/ -->\n<title>TUOTTEET | Ravintolatarvikkeet ja kuljetus<\/title>\n<meta name=\"description\" content=\"Foodwin on tukkuyritys Virosta joka tarjoaa eril\u00e4isten ruoka-tuotteiden tukkumyynti. Meid\u00e4n valikoimassa on: vihannekset-hedelm\u00e4t-salaatit\" \/>\n<meta name=\"robots\" content=\"index, follow\" \/>\n<meta name=\"googlebot\" content=\"index, follow, max-snippet:-1, max-image-preview:large, max-video-preview:-1\" \/>\n<meta name=\"bingbot\" content=\"index, follow, max-snippet:-1, max-image-preview:large, max-video-preview:-1\" \/>\n<link rel=\"canonical\" href=\"https:\/\/foodwin.eu\/?page_id=13\" \/>\n<meta property=\"og:locale\" content=\"en_GB\" \/>\n<meta property=\"og:type\" content=\"article\" \/>\n<meta property=\"og:title\" content=\"TUOTTEET | Ravintolatarvikkeet ja kuljetus\" \/>\n<meta property=\"og:description\" content=\"Foodwin on tukkuyritys Virosta joka tarjoaa eril\u00e4isten ruoka-tuotteiden tukkumyynti. Meid\u00e4n valikoimassa on: vihannekset-hedelm\u00e4t-salaatit\" \/>\n<meta property=\"og:url\" content=\"https:\/\/foodwin.eu\/?page_id=13\" \/>\n<meta property=\"og:site_name\" content=\"Ravintolatarvikkeet ja kuljetus\" \/>\n<meta property=\"article:modified_time\" content=\"2020-06-15T11:44:18+00:00\" \/>\n<meta property=\"og:image\" content=\"https:\/\/www.foodwin.eu\/wp-content\/uploads\/2020\/06\/Vegetables-fruits-mushrooms-and-herbs..png\" \/>\n<meta name=\"twitter:card\" content=\"summary_large_image\" \/>\n<script type=\"application\/ld+json\" class=\"yoast-schema-graph\">{\"@context\":\"https:\/\/schema.org\",\"@graph\":[{\"@type\":\"WebSite\",\"@id\":\"https:\/\/foodwin.eu\/#website\",\"url\":\"https:\/\/foodwin.eu\/\",\"name\":\"Ravintolatarvikkeet ja kuljetus\",\"description\":\"\",\"potentialAction\":[{\"@type\":\"SearchAction\",\"target\":\"https:\/\/foodwin.eu\/?s={search_term_string}\",\"query-input\":\"required name=search_term_string\"}],\"inLanguage\":\"en-GB\"},{\"@type\":\"ImageObject\",\"@id\":\"https:\/\/foodwin.eu\/?page_id=13#primaryimage\",\"inLanguage\":\"en-GB\",\"url\":\"https:\/\/www.foodwin.eu\/wp-content\/uploads\/2020\/06\/Vegetables-fruits-mushrooms-and-herbs..png\"},{\"@type\":\"WebPage\",\"@id\":\"https:\/\/foodwin.eu\/?page_id=13#webpage\",\"url\":\"https:\/\/foodwin.eu\/?page_id=13\",\"name\":\"TUOTTEET | Ravintolatarvikkeet ja kuljetus\",\"isPartOf\":{\"@id\":\"https:\/\/foodwin.eu\/#website\"},\"primaryImageOfPage\":{\"@id\":\"https:\/\/foodwin.eu\/?page_id=13#primaryimage\"},\"datePublished\":\"2020-05-13T13:31:38+00:00\",\"dateModified\":\"2020-06-15T11:44:18+00:00\",\"description\":\"Foodwin on tukkuyritys Virosta joka tarjoaa eril\\u00e4isten ruoka-tuotteiden tukkumyynti. Meid\\u00e4n valikoimassa on: vihannekset-hedelm\\u00e4t-salaatit\",\"inLanguage\":\"en-GB\",\"potentialAction\":[{\"@type\":\"ReadAction\",\"target\":[\"https:\/\/foodwin.eu\/?page_id=13\"]}]}]}<\/script>\n<!-- \/ Yoast SEO plugin. -->","_links":{"self":[{"href":"https:\/\/foodwin.eu\/index.php?rest_route=\/wp\/v2\/pages\/13","targetHints":{"allow":["GET"]}}],"collection":[{"href":"https:\/\/foodwin.eu\/index.php?rest_route=\/wp\/v2\/pages"}],"about":[{"href":"https:\/\/foodwin.eu\/index.php?rest_route=\/wp\/v2\/types\/page"}],"author":[{"embeddable":true,"href":"https:\/\/foodwin.eu\/index.php?rest_route=\/wp\/v2\/users\/1"}],"replies":[{"embeddable":true,"href":"https:\/\/foodwin.eu\/index.php?rest_route=%2Fwp%2Fv2%2Fcomments&post=13"}],"version-history":[{"count":50,"href":"https:\/\/foodwin.eu\/index.php?rest_route=\/wp\/v2\/pages\/13\/revisions"}],"predecessor-version":[{"id":831,"href":"https:\/\/foodwin.eu\/index.php?rest_route=\/wp\/v2\/pages\/13\/revisions\/831"}],"wp:attachment":[{"href":"https:\/\/foodwin.eu\/index.php?rest_route=%2Fwp%2Fv2%2Fmedia&parent=13"}],"curies":[{"name":"wp","href":"https:\/\/api.w.org\/{rel}","templated":true}]}}