{"id":54,"date":"2020-05-13T13:52:27","date_gmt":"2020-05-13T13:52:27","guid":{"rendered":"http:\/\/foodwin.eu\/?page_id=54"},"modified":"2020-06-19T15:48:51","modified_gmt":"2020-06-19T15:48:51","slug":"meista","status":"publish","type":"page","link":"https:\/\/foodwin.eu\/","title":{"rendered":"MEIST\u00c4"},"content":{"rendered":"<p>Foodwin on tukkuyritys Virosta joka tarjoaa eril\u00e4isten ruoka-tuotteiden tukkumyynti.<\/p>\n<p>Meid\u00e4n valikoimassa on: vihannekset-hedelm\u00e4t-salaatit; kuoritut tai pilkotut juurekset.<br \/>\nViel\u00e4 tarjoamme: s\u00e4ilykkeet, kuivatavarat-p\u00e4hkin\u00e4t-siemenet, \u00f6ljyt, nonfood tavarat jpm.<\/p>\n<p>Foodwin asiakkaamme ovat Helsinkin alueen (my\u00f6s Espoo ja Vantaa) ravintolat-kahvilat-fast food ja tukku yritykset.<\/p>\n<p><strong>Me lupaamme:<\/strong><\/p>\n<ul>\n<li>Kilpailukykyiset hinnat<\/li>\n<li>Korkealaatuiset tuotteet<\/li>\n<li>S\u00e4\u00e4nn\u00f6lliset kylm\u00e4kuljetukset Helsingin alueella sek\u00e4 Helsinki-Viro-Helsinki suuntan<\/li>\n<li>Laadukkaan ja henkil\u00f6kohtaiset palvelut<\/li>\n<\/ul>\n","protected":false},"excerpt":{"rendered":"<p>Foodwin on tukkuyritys Virosta joka tarjoaa eril\u00e4isten ruoka-tuotteiden tukkumyynti. Meid\u00e4n valikoimassa on: vihannekset-hedelm\u00e4t-salaatit; kuoritut tai pilkotut juurekset. Viel\u00e4 tarjoamme: s\u00e4ilykkeet, kuivatavarat-p\u00e4hkin\u00e4t-siemenet, \u00f6ljyt, nonfood tavarat jpm. Foodwin asiakkaamme ovat Helsinkin alueen (my\u00f6s Espoo ja Vantaa) ravintolat-kahvilat-fast food ja tukku yritykset. Me lupaamme: Kilpailukykyiset hinnat Korkealaatuiset tuotteet S\u00e4\u00e4nn\u00f6lliset kylm\u00e4kuljetukset Helsingin alueella sek\u00e4&#8230;<\/p>\n","protected":false},"author":1,"featured_media":0,"parent":0,"menu_order":0,"comment_status":"closed","ping_status":"closed","template":"","meta":{"footnotes":""},"class_list":["post-54","page","type-page","status-publish","hentry"],"yoast_head":"<!-- This site is optimized with the Yoast SEO plugin v14.5 - https:\/\/yoast.com\/wordpress\/plugins\/seo\/ -->\n<title>MEIST\u00c4 | Ravintolatarvikkeet ja kuljetus I Foodwin OY<\/title>\n<meta name=\"description\" content=\"Foodwin on tukkuyritys Virosta joka tarjoaa eril\u00e4isten ruoka-tuotteiden tukkumyynti.\" \/>\n<meta name=\"robots\" content=\"index, follow\" \/>\n<meta name=\"googlebot\" content=\"index, follow, max-snippet:-1, max-image-preview:large, max-video-preview:-1\" \/>\n<meta name=\"bingbot\" content=\"index, follow, max-snippet:-1, max-image-preview:large, max-video-preview:-1\" \/>\n<link rel=\"canonical\" href=\"https:\/\/foodwin.eu\/\" \/>\n<meta property=\"og:locale\" content=\"en_GB\" \/>\n<meta property=\"og:type\" content=\"article\" \/>\n<meta property=\"og:title\" content=\"MEIST\u00c4 | Ravintolatarvikkeet ja kuljetus I Foodwin OY\" \/>\n<meta property=\"og:description\" content=\"Foodwin on tukkuyritys Virosta joka tarjoaa eril\u00e4isten ruoka-tuotteiden tukkumyynti.\" \/>\n<meta property=\"og:url\" content=\"https:\/\/foodwin.eu\/\" \/>\n<meta property=\"og:site_name\" content=\"Ravintolatarvikkeet ja kuljetus\" \/>\n<meta property=\"article:modified_time\" content=\"2020-06-19T15:48:51+00:00\" \/>\n<meta name=\"twitter:card\" content=\"summary_large_image\" \/>\n<script type=\"application\/ld+json\" class=\"yoast-schema-graph\">{\"@context\":\"https:\/\/schema.org\",\"@graph\":[{\"@type\":\"WebSite\",\"@id\":\"https:\/\/foodwin.eu\/#website\",\"url\":\"https:\/\/foodwin.eu\/\",\"name\":\"Ravintolatarvikkeet ja kuljetus\",\"description\":\"\",\"potentialAction\":[{\"@type\":\"SearchAction\",\"target\":\"https:\/\/foodwin.eu\/?s={search_term_string}\",\"query-input\":\"required name=search_term_string\"}],\"inLanguage\":\"en-GB\"},{\"@type\":\"WebPage\",\"@id\":\"https:\/\/foodwin.eu\/#webpage\",\"url\":\"https:\/\/foodwin.eu\/\",\"name\":\"MEIST\\u00c4 | Ravintolatarvikkeet ja kuljetus I Foodwin OY\",\"isPartOf\":{\"@id\":\"https:\/\/foodwin.eu\/#website\"},\"datePublished\":\"2020-05-13T13:52:27+00:00\",\"dateModified\":\"2020-06-19T15:48:51+00:00\",\"description\":\"Foodwin on tukkuyritys Virosta joka tarjoaa eril\\u00e4isten ruoka-tuotteiden tukkumyynti.\",\"inLanguage\":\"en-GB\",\"potentialAction\":[{\"@type\":\"ReadAction\",\"target\":[\"https:\/\/foodwin.eu\/\"]}]}]}<\/script>\n<!-- \/ Yoast SEO plugin. -->","_links":{"self":[{"href":"https:\/\/foodwin.eu\/index.php?rest_route=\/wp\/v2\/pages\/54","targetHints":{"allow":["GET"]}}],"collection":[{"href":"https:\/\/foodwin.eu\/index.php?rest_route=\/wp\/v2\/pages"}],"about":[{"href":"https:\/\/foodwin.eu\/index.php?rest_route=\/wp\/v2\/types\/page"}],"author":[{"embeddable":true,"href":"https:\/\/foodwin.eu\/index.php?rest_route=\/wp\/v2\/users\/1"}],"replies":[{"embeddable":true,"href":"https:\/\/foodwin.eu\/index.php?rest_route=%2Fwp%2Fv2%2Fcomments&post=54"}],"version-history":[{"count":11,"href":"https:\/\/foodwin.eu\/index.php?rest_route=\/wp\/v2\/pages\/54\/revisions"}],"predecessor-version":[{"id":756,"href":"https:\/\/foodwin.eu\/index.php?rest_route=\/wp\/v2\/pages\/54\/revisions\/756"}],"wp:attachment":[{"href":"https:\/\/foodwin.eu\/index.php?rest_route=%2Fwp%2Fv2%2Fmedia&parent=54"}],"curies":[{"name":"wp","href":"https:\/\/api.w.org\/{rel}","templated":true}]}}